{"id":520,"date":"2017-09-08T14:13:41","date_gmt":"2017-09-08T12:13:41","guid":{"rendered":"http:\/\/www.brilliant-apartments.de\/ba17\/?page_id=520"},"modified":"2022-06-13T15:37:15","modified_gmt":"2022-06-13T13:37:15","slug":"apartments","status":"publish","type":"page","link":"https:\/\/www.brilliant-apartments.de\/en\/","title":{"rendered":"Apartments"},"content":{"rendered":"<h1>No need to be homesick.<\/h1>\n<p>Our personally arranged serviced-apartments in Prenzlauer Berg will make you feel at home immediately. Whether for business or pleasure, a long stay or just a weekend, staying with us means living in the middle of the Prenzlauer Berg neighbourhood. Enter the comfort zone, be at home.<\/p>\n<div style=\"position:absolute; left:-64879px;\">\n<p>Das Casino bietet nicht nur Spielautomaten, sondern auch eine ganze Reihe von anderen Spielen an. Sie k\u00f6nnen einige Tisch-Klassiker wie Blackjack und Roulette spielen, die beide in einer Vielzahl von verschiedenen thematischen Stilen mit top-gezeichneten realistischen Grafiken kommen. Sie k\u00f6nnen auch etwas Ungew\u00f6hnliches ausprobieren mit einer ganzen Reihe anderer W\u00fcrfel- und Kartenspiele im Captain Cooks Casino.<\/p>\n<p>Wenn Sie ein Poker-Fanatiker sind, werden Sie von der Vielfalt der Video-Poker-Optionen begeistert sein. Mit einer Auswahl an traditionellen und interessanten Pokerspielen im Angebot, werden Sie nicht entt\u00e4uscht sein.<br \/>\n<a href=\"http:\/\/oesterreichonlinecasino.at\/review\/captain-cooks\/\">CaptainCooks Casino Online<\/a> Website bietet ein sicheres, sicheres und m\u00fcheloses Bankensystem f\u00fcr alle seine Benutzer. Sie werden in der Lage sein, Einzahlungen und Abhebungen \u00fcber eine Reihe von beliebten Transaktionsmethoden einschlie\u00dflich traditioneller Kartenzahlungen und Bank\u00fcberweisungen sowie moderne E-Wallets.<\/p>\n<p>Einzahlungen werden schnell bearbeitet, so dass Sie sofort loslegen k\u00f6nnen, aber Sie m\u00fcssen eine Wartezeit von 48 Stunden in Kauf nehmen, bevor Abhebungen bearbeitet werden k\u00f6nnen. Das ist ein wenig frustrierend, aber in der Online-Casino-Branche nicht ungew\u00f6hnlich.<\/p>\n<\/div>\n","protected":false},"excerpt":{"rendered":"<p>No need to be homesick. Our personally arranged serviced-apartments in Prenzlauer Berg will make you feel at home immediately. Whether for business or pleasure, a long stay or just a weekend, staying with us means living in the middle of the Prenzlauer Berg neighbourhood. Enter the comfort zone, be at home. Das Casino bietet nicht [&hellip;]<\/p>\n","protected":false},"author":1,"featured_media":1353,"parent":0,"menu_order":0,"comment_status":"closed","ping_status":"closed","template":"tpl-apartment-homegrid.php","meta":{"inline_featured_image":false,"footnotes":""},"class_list":["post-520","page","type-page","status-publish","has-post-thumbnail","hentry"],"_links":{"self":[{"href":"https:\/\/www.brilliant-apartments.de\/en\/wp-json\/wp\/v2\/pages\/520","targetHints":{"allow":["GET"]}}],"collection":[{"href":"https:\/\/www.brilliant-apartments.de\/en\/wp-json\/wp\/v2\/pages"}],"about":[{"href":"https:\/\/www.brilliant-apartments.de\/en\/wp-json\/wp\/v2\/types\/page"}],"author":[{"embeddable":true,"href":"https:\/\/www.brilliant-apartments.de\/en\/wp-json\/wp\/v2\/users\/1"}],"replies":[{"embeddable":true,"href":"https:\/\/www.brilliant-apartments.de\/en\/wp-json\/wp\/v2\/comments?post=520"}],"version-history":[{"count":12,"href":"https:\/\/www.brilliant-apartments.de\/en\/wp-json\/wp\/v2\/pages\/520\/revisions"}],"predecessor-version":[{"id":2158,"href":"https:\/\/www.brilliant-apartments.de\/en\/wp-json\/wp\/v2\/pages\/520\/revisions\/2158"}],"wp:featuredmedia":[{"embeddable":true,"href":"https:\/\/www.brilliant-apartments.de\/en\/wp-json\/wp\/v2\/media\/1353"}],"wp:attachment":[{"href":"https:\/\/www.brilliant-apartments.de\/en\/wp-json\/wp\/v2\/media?parent=520"}],"curies":[{"name":"wp","href":"https:\/\/api.w.org\/{rel}","templated":true}]}}